{"id":4783,"date":"2022-08-19T10:53:09","date_gmt":"2022-08-19T10:53:09","guid":{"rendered":"https:\/\/tridelta-meidensha.de\/?page_id=4783"},"modified":"2025-08-29T07:25:12","modified_gmt":"2025-08-29T07:25:12","slug":"media-tensao","status":"publish","type":"page","link":"https:\/\/tridelta-meidensha.de\/pt-pt\/produtos\/media-tensao\/","title":{"rendered":"M\u00e9dia tens\u00e3o"},"content":{"rendered":"<div class=\"hero-blue\">\n    <div class=\"hero-blue__text\">\n        <p class=\"hero-blue__text__subheadline\">P\u00e1ra-raios de m\u00e9dia tens\u00e3o<\/p>\n        <h1 class=\"hero-blue__text__headline\"><\/h1>\n        <p class=\"hero-blue__text__description\">Detalhes do produto<\/p>\n                <div class=\"main-btn\">\n            <a href=\"https:\/\/tridelta-meidensha.de\/en\/contact\/\" target=\"_blank\">Entre em contato conosco!<\/a>\n        <\/div>\n        \n\n    <\/div>\n    <div class=\"hero-blue__background\">\n                    <img decoding=\"async\" src=\"https:\/\/tridelta-meidensha.de\/wp-content\/uploads\/2022\/12\/AdobeStock_319039755-scaled-e1670248433821.jpeg\" height=\"\" width=\"\" alt=\"\"\/>\n            <\/div>\n<\/div>\n\n    <section class=\"single-paragraph single-paragraph--background\">\n        <p>Nossos p\u00e1ra-raios de m\u00e9dia tens\u00e3o s\u00e3o usados para proteger redes e equipamentos de m\u00e9dia tens\u00e3o contra sobretens\u00f5es causadas por raios e surtos de comuta\u00e7\u00e3o. A sele\u00e7\u00e3o dos p\u00e1ra-raios depende do tratamento do ponto neutro das redes.<\/p>\n    <\/section>\n\n\n<section class=\"image-text\">\n    <div class=\"image-text__image\">\n                    <img decoding=\"async\" src=\"https:\/\/tridelta-meidensha.de\/wp-content\/uploads\/2022\/08\/tridelta-meidensha_DSC08043-scaled-e1677144469180.jpg\" height=\"\" width=\"\" alt=\"\"\/>\n            <\/div>\n    <div class=\"image-text__text\">\n        <p>Dependendo da sua necessidade, nossos p\u00e1ra-raios podem ser usados para aplica\u00e7\u00f5es internas ou externas.<\/p>\n<p>SBKW significa design inovador com uma parte ativa na gaiola de fibra \u00f3ptica.<\/p>\n<p>A inje\u00e7\u00e3o direta de silicone evita a forma\u00e7\u00e3o de bolhas de ar, que podem levar a descargas parciais internas no p\u00e1ra-raios.<\/p>\n<p>Devido \u00e0s op\u00e7\u00f5es de configura\u00e7\u00e3o vers\u00e1teis, quase n\u00e3o h\u00e1 limites para a adapta\u00e7\u00e3o \u00e0s suas necessidades.<\/p>\n    <\/div>\n<\/section>\n    <div class=\"clear\" style=\"clear:both\"><\/div>\n\n\n<section class=\"intro-headline intro-headline--textAling-left-S\">\n    <h1 class=\"intro-headline__main\">Dados t\u00e9cnicos<\/h1>\n    <p class=\"intro-headline__sub-S\">Quando se trata de detalhes&#8230;<\/p>\n<\/section>\n\n\n<section class=\"accordion accordion--container-M\">\n    <p class=\"accordion__title\"><\/p>\n                    <div class=\"accordion-item\">\n                    <button id=\"accordion-button-0\" aria-expanded=\"false\">\n                        <span class=\"accordion-title\">SBKW <\/span>\n                    <\/button>\n                    <div class=\"accordion-content\">\n                        <p>DOWNLOAD-LINK!<\/p>\n                    <\/div>\n                <\/div>\n    <\/section>\n\n<section class=\"gallery\">\n                    <div class=\"gallery__item\">\n                    <p class=\"title\"><\/p>\n                    <div class=\"image\">\n                        <img decoding=\"async\" src=\"https:\/\/tridelta-meidensha.de\/wp-content\/uploads\/2022\/08\/tridelta-meidensha_DSC08153-scaled.jpg\" height=\"\" width=\"\" alt=\"\"\/>\n                    <\/div>\n                <\/div>\n                    <div class=\"gallery__item\">\n                    <p class=\"title\"><\/p>\n                    <div class=\"image\">\n                        <img decoding=\"async\" src=\"https:\/\/tridelta-meidensha.de\/wp-content\/uploads\/2022\/12\/AdobeStock_319039755-scaled-e1670248433821.jpeg\" height=\"\" width=\"\" alt=\"\"\/>\n                    <\/div>\n                <\/div>\n                    <div class=\"gallery__item\">\n                    <p class=\"title\"><\/p>\n                    <div class=\"image\">\n                        <img decoding=\"async\" src=\"https:\/\/tridelta-meidensha.de\/wp-content\/uploads\/2022\/08\/tridelta-meidensha_DSC08188-scaled-e1677144436320.jpg\" height=\"\" width=\"\" alt=\"\"\/>\n                    <\/div>\n                <\/div>\n    <\/section>\n\n    <section class=\"banner banner--negativeMargin\">\n        <div class=\"banner__text\">\n        <h1 class=\"banner__text__headline\">Entre em contato conosco agora mesmo!<\/h1>\n        <p class=\"banner__text__description\">Teremos todo o prazer em aconselh\u00e1-lo &#8211; por telefone ou e-mail.<\/p>\n        <div class=\"banner__text__buttons\">\n                            <div class=\"main-btn main-btn--blue-envelope\">\n                    <a href=\"mailto:sales@tridelta-meidensha.de\" target=\"_blank\">Escreva um e-mail<\/a>\n                <\/div>\n                                        <div class=\"main-btn main-btn--yellow-phone\">\n                    <a href=\"tel:+49366019328300\" target=\"\">Ou ligue para n\u00f3s: +49 (0) 36601 9328 300<\/a>\n                <\/div>\n                    <\/div>\n    <\/div>\n    <div class=\"banner__background\">\n                    <img decoding=\"async\" src=\"https:\/\/tridelta-meidensha.de\/wp-content\/uploads\/2022\/08\/tridelta-meidensha_DSC09748-scaled.jpg\" height=\"\" width=\"\" alt=\"\"\/>\n            <\/div>\n<\/section>","protected":false},"excerpt":{"rendered":"","protected":false},"author":2,"featured_media":0,"parent":4770,"menu_order":0,"comment_status":"closed","ping_status":"closed","template":"","meta":{"_acf_changed":false,"inline_featured_image":false,"footnotes":""},"class_list":["post-4783","page","type-page","status-publish","hentry"],"acf":[],"_links":{"self":[{"href":"https:\/\/tridelta-meidensha.de\/pt-pt\/wp-json\/wp\/v2\/pages\/4783","targetHints":{"allow":["GET"]}}],"collection":[{"href":"https:\/\/tridelta-meidensha.de\/pt-pt\/wp-json\/wp\/v2\/pages"}],"about":[{"href":"https:\/\/tridelta-meidensha.de\/pt-pt\/wp-json\/wp\/v2\/types\/page"}],"author":[{"embeddable":true,"href":"https:\/\/tridelta-meidensha.de\/pt-pt\/wp-json\/wp\/v2\/users\/2"}],"replies":[{"embeddable":true,"href":"https:\/\/tridelta-meidensha.de\/pt-pt\/wp-json\/wp\/v2\/comments?post=4783"}],"version-history":[{"count":3,"href":"https:\/\/tridelta-meidensha.de\/pt-pt\/wp-json\/wp\/v2\/pages\/4783\/revisions"}],"predecessor-version":[{"id":4795,"href":"https:\/\/tridelta-meidensha.de\/pt-pt\/wp-json\/wp\/v2\/pages\/4783\/revisions\/4795"}],"up":[{"embeddable":true,"href":"https:\/\/tridelta-meidensha.de\/pt-pt\/wp-json\/wp\/v2\/pages\/4770"}],"wp:attachment":[{"href":"https:\/\/tridelta-meidensha.de\/pt-pt\/wp-json\/wp\/v2\/media?parent=4783"}],"curies":[{"name":"wp","href":"https:\/\/api.w.org\/{rel}","templated":true}]}}