{"id":4781,"date":"2022-08-22T12:28:33","date_gmt":"2022-08-22T12:28:33","guid":{"rendered":"https:\/\/tridelta-meidensha.de\/?page_id=4781"},"modified":"2025-08-28T13:12:43","modified_gmt":"2025-08-28T13:12:43","slug":"aparelhos-de-protecao-contra-descargas-atmosfericas","status":"publish","type":"page","link":"https:\/\/tridelta-meidensha.de\/pt-pt\/produtos\/aparelhos-de-protecao-contra-descargas-atmosfericas\/","title":{"rendered":"Aparelhos de prote\u00e7\u00e3o contra descargas atmosf\u00e9ricas"},"content":{"rendered":"<div class=\"hero-blue\">\n    <div class=\"hero-blue__text\">\n        <p class=\"hero-blue__text__subheadline\">Aparelhos de prote\u00e7\u00e3o contra descargas atmosf\u00e9ricas<\/p>\n        <h1 class=\"hero-blue__text__headline\"><\/h1>\n        <p class=\"hero-blue__text__description\">Detalhes do produto<\/p>\n                <div class=\"main-btn\">\n            <a href=\"https:\/\/tridelta-meidensha.de\/en\/contact\/\" target=\"_blank\">Entre em contato conosco!<\/a>\n        <\/div>\n        \n\n    <\/div>\n    <div class=\"hero-blue__background\">\n                    <img decoding=\"async\" src=\"https:\/\/tridelta-meidensha.de\/wp-content\/uploads\/2022\/12\/P1010080-1-768x576-1.jpg\" height=\"\" width=\"\" alt=\"\"\/>\n            <\/div>\n<\/div>\n\n<section class=\"single-paragraph \">\n    <p>Os p\u00e1ra-raios de linha s\u00e3o uma forma eficaz e econ\u00f4mica de proteger as linhas de transmiss\u00e3o existentes e novas contra surtos de raios, aumentando assim a seguran\u00e7a da rede e a disponibilidade da linha. Os p\u00e1ra-raios de linha s\u00e3o particularmente adequados para \u00e1reas de linha com resist\u00eancias de aterramento mestras deficientes, \u00e1reas com maior atividade de raios, linhas a\u00e9reas sem prote\u00e7\u00e3o de fio terra e para linhas a\u00e9reas com maiores requisitos de disponibilidade.<\/p>\n<p>A Tridelta oferece p\u00e1ra-raios de linha do tipo NGLA (Non-Gapped Line Arresters), baseados em nossos p\u00e1ra-raios com caixa de silicone do produto libe SBKC. Eles s\u00e3o complementados por uma variedade de op\u00e7\u00f5es de conex\u00e3o e montagem adequadas, como bra\u00e7adeiras de cabo, para que seja poss\u00edvel uma f\u00e1cil instala\u00e7\u00e3o em diferentes configura\u00e7\u00f5es de postes, isoladores e linhas.<\/p>\n<p>Teremos o maior prazer em oferecer uma solu\u00e7\u00e3o personalizada para sua situa\u00e7\u00e3o. Entre em contato conosco!<\/p>\n<\/section>\n\n\n<section class=\"gallery\">\n                    <div class=\"gallery__item\">\n                    <p class=\"title\"><\/p>\n                    <div class=\"image\">\n                        <img decoding=\"async\" src=\"https:\/\/tridelta-meidensha.de\/wp-content\/uploads\/2022\/08\/iStock-586739056-scaled-e1677144197305.jpg\" height=\"\" width=\"\" alt=\"\"\/>\n                    <\/div>\n                <\/div>\n                    <div class=\"gallery__item\">\n                    <p class=\"title\"><\/p>\n                    <div class=\"image\">\n                        <img decoding=\"async\" src=\"https:\/\/tridelta-meidensha.de\/wp-content\/uploads\/2022\/08\/AdobeStock_94959537-scaled-e1677144214754.jpeg\" height=\"\" width=\"\" alt=\"\"\/>\n                    <\/div>\n                <\/div>\n                    <div class=\"gallery__item\">\n                    <p class=\"title\"><\/p>\n                    <div class=\"image\">\n                        <img decoding=\"async\" src=\"https:\/\/tridelta-meidensha.de\/wp-content\/uploads\/2022\/08\/AdobeStock_372343811-scaled-e1677144178689.jpeg\" height=\"\" width=\"\" alt=\"\"\/>\n                    <\/div>\n                <\/div>\n    <\/section>\n\n    <section class=\"banner banner--negativeMargin\">\n        <div class=\"banner__text\">\n        <h1 class=\"banner__text__headline\">Entre em contato conosco agora mesmo!<\/h1>\n        <p class=\"banner__text__description\">Teremos todo o prazer em aconselh\u00e1-lo &#8211; por telefone ou e-mail.<\/p>\n        <div class=\"banner__text__buttons\">\n                            <div class=\"main-btn main-btn--blue-envelope\">\n                    <a href=\"mailto: sales@tridelta-meidensha.de\" target=\"_blank\">Escreva um e-mail<\/a>\n                <\/div>\n                                        <div class=\"main-btn main-btn--yellow-phone\">\n                    <a href=\"tel:+49366019328300\" target=\"\">Ou ligue para n\u00f3s: +49 (0) 36601 9328 300<\/a>\n                <\/div>\n                    <\/div>\n    <\/div>\n    <div class=\"banner__background\">\n                    <img decoding=\"async\" src=\"https:\/\/tridelta-meidensha.de\/wp-content\/uploads\/2022\/08\/tridelta-meidensha_DSC09748-scaled.jpg\" height=\"\" width=\"\" alt=\"\"\/>\n            <\/div>\n<\/section>","protected":false},"excerpt":{"rendered":"","protected":false},"author":2,"featured_media":0,"parent":4770,"menu_order":0,"comment_status":"closed","ping_status":"closed","template":"","meta":{"_acf_changed":false,"inline_featured_image":false,"footnotes":""},"class_list":["post-4781","page","type-page","status-publish","hentry"],"acf":[],"_links":{"self":[{"href":"https:\/\/tridelta-meidensha.de\/pt-pt\/wp-json\/wp\/v2\/pages\/4781","targetHints":{"allow":["GET"]}}],"collection":[{"href":"https:\/\/tridelta-meidensha.de\/pt-pt\/wp-json\/wp\/v2\/pages"}],"about":[{"href":"https:\/\/tridelta-meidensha.de\/pt-pt\/wp-json\/wp\/v2\/types\/page"}],"author":[{"embeddable":true,"href":"https:\/\/tridelta-meidensha.de\/pt-pt\/wp-json\/wp\/v2\/users\/2"}],"replies":[{"embeddable":true,"href":"https:\/\/tridelta-meidensha.de\/pt-pt\/wp-json\/wp\/v2\/comments?post=4781"}],"version-history":[{"count":4,"href":"https:\/\/tridelta-meidensha.de\/pt-pt\/wp-json\/wp\/v2\/pages\/4781\/revisions"}],"predecessor-version":[{"id":4803,"href":"https:\/\/tridelta-meidensha.de\/pt-pt\/wp-json\/wp\/v2\/pages\/4781\/revisions\/4803"}],"up":[{"embeddable":true,"href":"https:\/\/tridelta-meidensha.de\/pt-pt\/wp-json\/wp\/v2\/pages\/4770"}],"wp:attachment":[{"href":"https:\/\/tridelta-meidensha.de\/pt-pt\/wp-json\/wp\/v2\/media?parent=4781"}],"curies":[{"name":"wp","href":"https:\/\/api.w.org\/{rel}","templated":true}]}}