{"id":4779,"date":"2022-08-19T12:48:50","date_gmt":"2022-08-19T12:48:50","guid":{"rendered":"https:\/\/tridelta-meidensha.de\/?page_id=4779"},"modified":"2025-08-28T13:12:29","modified_gmt":"2025-08-28T13:12:29","slug":"tensao-cc","status":"publish","type":"page","link":"https:\/\/tridelta-meidensha.de\/pt-pt\/produtos\/tensao-cc\/","title":{"rendered":"Tens\u00e3o CC"},"content":{"rendered":"<div class=\"hero-blue\">\n    <div class=\"hero-blue__text\">\n        <p class=\"hero-blue__text__subheadline\">P\u00e1ra-raios de tens\u00e3o CC<\/p>\n        <h1 class=\"hero-blue__text__headline\"><\/h1>\n        <p class=\"hero-blue__text__description\">Detalhes do produto<\/p>\n                <div class=\"main-btn\">\n            <a href=\"https:\/\/tridelta-meidensha.de\/en\/contact\/\" target=\"_blank\">Entre em contato conosco<\/a>\n        <\/div>\n        \n\n    <\/div>\n    <div class=\"hero-blue__background\">\n                    <img decoding=\"async\" src=\"https:\/\/tridelta-meidensha.de\/wp-content\/uploads\/2023\/02\/AdobeStock_157412445-scaled-1.png\" height=\"\" width=\"\" alt=\"\"\/>\n            <\/div>\n<\/div>\n\n    <section class=\"single-paragraph single-paragraph--background\">\n        <p>Com nossa s\u00e9rie revisada de p\u00e1ra-raios CC, agora podemos oferecer produtos testados de acordo com as normas vigentes IEC 62484-1, IEC 61373 e EN 45545-2. Com essa renova\u00e7\u00e3o, podemos dividir nossos p\u00e1ra-raios nas classes CC-B e CC-C.<\/p>\n    <\/section>\n\n\n<section class=\"serviceSlider-intro\">\n    <div class=\"serviceSlider-intro__container\">\n        <div class=\"serviceSlider-intro__text\">\n            <h3>Detalhes do produto<\/h3>\n            <p><\/p>\n        <\/div>\n    <\/div>\n<\/section>\n\n<section class=\"swiper-cards-blueBackground swiper-cards-blueBackground--negativeMargin\">\n    <div class=\"swiper swiper-blueBackground\">\n        <div class=\"swiper-wrapper\">\n\n                                    <div class=\"swiper-slide image-card\">\n                            <label for=\"checkboxtoggle-0\" class=\"toggle\">\n                                <p class=\"slide-title\">SB-B<\/p>\n                                <div class=\"image-container\">\n                                                                            <img decoding=\"async\" src=\"https:\/\/tridelta-meidensha.de\/wp-content\/uploads\/2022\/08\/DSC00032-e1676910000992.png\" height=\"\" width=\"\" alt=\"\"\/>\n                                                                    <\/div>\n                            <\/label>\n                        <\/div>\n                                                            <div class=\"swiper-slide image-card\">\n                            <label for=\"checkboxtoggle-1\" class=\"toggle\">\n                                <p class=\"slide-title\">SBKW DC-B<\/p>\n                                <div class=\"image-container\">\n                                                                            <img decoding=\"async\" src=\"https:\/\/tridelta-meidensha.de\/wp-content\/uploads\/2022\/08\/SBKWDCB-freigestellt.png\" height=\"\" width=\"\" alt=\"\"\/>\n                                                                    <\/div>\n                            <\/label>\n                        <\/div>\n                                                            <div class=\"swiper-slide image-card\">\n                            <label for=\"checkboxtoggle-2\" class=\"toggle\">\n                                <p class=\"slide-title\">SBKW DC-C<\/p>\n                                <div class=\"image-container\">\n                                                                            <img decoding=\"async\" src=\"https:\/\/tridelta-meidensha.de\/wp-content\/uploads\/2022\/08\/DSC01778-1-e1676910126633.png\" height=\"\" width=\"\" alt=\"\"\/>\n                                                                    <\/div>\n                            <\/label>\n                        <\/div>\n                                            <\/div>\n        <div class=\"swiper-button-prev\"><\/div>\n        <div class=\"swiper-button-next\"><\/div>\n    <\/div>\n\n    <input type=\"checkbox\" id=\"checkboxtoggle-0\" class=\"inputtogle\"\/><div class=\"slide-extraContent\">\n                                        <div class=\"slide-extraContent__header\">\n                                            <div class=\"text\">\n                                                <h2 class=\"title\">Aplica\u00e7\u00e3o<\/h2>\n                                                <p class=\"description\">Prote\u00e7\u00e3o de sistemas de energia CC e esta\u00e7\u00f5es retificadoras contra sobretens\u00f5es atmosf\u00e9ricas e de comuta\u00e7\u00e3o.<br \/>\r\nOs p\u00e1ra-raios s\u00e3o especialmente indicados para instala\u00e7\u00e3o vertical em ve\u00edculos ferrovi\u00e1rios, tr\u00f3lebus e linhas a\u00e9reas. Podem ser utilizados tanto em ambientes externos quanto internos.<br \/>\r\n<br \/>\r\nA globaliza\u00e7\u00e3o \u00e9 possibilitada pela mobilidade. A prote\u00e7\u00e3o contra sobretens\u00e3o \u00e9, portanto, importante n\u00e3o apenas para subesta\u00e7\u00f5es e linhas de transmiss\u00e3o, mas tamb\u00e9m para sistemas de linhas de contato a\u00e9reas e ve\u00edculos de tra\u00e7\u00e3o. A demanda por prote\u00e7\u00e3o confi\u00e1vel em aplica\u00e7\u00f5es ferrovi\u00e1rias \u00e9 um desafio que nossos modernos p\u00e1ra-raios podem enfrentar.<br \/>\r\n<br \/>\r\nNossa confi\u00e1vel s\u00e9rie de porcelana CC garante a combina\u00e7\u00e3o de tecnologia comprovada com os padr\u00f5es mais recentes para atender \u00e0s suas necessidades. Com nosso design comprovado, os p\u00e1ra-raios est\u00e3o equipados de maneira ideal para condi\u00e7\u00f5es ambientais extremas.<\/p>\n                                                 <div class=\"description\"><\/div>\n                                            <\/div><div class=\"picture\">\n                                                    <img decoding=\"async\" src=\"https:\/\/tridelta-meidensha.de\/wp-content\/uploads\/2022\/08\/DSC00032-e1676910000992.png\" height=\"\" width=\"\" alt=\"\" title=\"DSC00032\"\/>\n                                                    <p style=\"font-size:12px;   margin-top:-20px; margin-left:10px\">DSC00032<\/p>\n                                                <\/div>   <\/div> <div class=\"slide-extraContent__threeColumns\"><div class=\"column\">\n                                                                    <p class=\"title mheight2\"><\/p>\n                                                                    <p class=\"description\"><\/p>\n                                                                <\/div> <\/div> <div class=\"slide-extraContent__twoColumns\">\n                                            <h2 class=\"title\"><\/h2>\n                                            <div class=\"columns\">\n                                                <div class=\"column\">  <p class=\"description\"><\/p>       <\/div>\n                                                <div class=\"column\">  <p class=\"description\"><\/p>       <\/div>\n                                            <\/div>\n                                        <\/div><\/div><input type=\"checkbox\" id=\"checkboxtoggle-1\" class=\"inputtogle\"\/><div class=\"slide-extraContent\">\n                                        <div class=\"slide-extraContent__header\">\n                                            <div class=\"text\">\n                                                <h2 class=\"title\">Design inovador<\/h2>\n                                                <p class=\"description\">Com este produto, demonstramos nossa consci\u00eancia das diversas exig\u00eancias do mercado em termos de padr\u00f5es de teste e flexibilidade para necessidades espec\u00edficas dos clientes. <br \/>\r\n<br \/>\r\nOs p\u00e1ra-raios s\u00e3o de \u00faltima gera\u00e7\u00e3o, com sua tecnologia de gaiola de filamentos. O processo semiautom\u00e1tico aumenta a qualidade do produto e a nova estrutura leve nos permite combinar leveza com alta resist\u00eancia mec\u00e2nica.<br \/>\r\n<br \/>\r\nO processo de moldagem por inje\u00e7\u00e3o utiliza borracha de silicone HTV, que se caracteriza por suas excelentes propriedades hidrof\u00f3bicas. Essa tecnologia proporciona uma ades\u00e3o perfeita, impedindo a penetra\u00e7\u00e3o de umidade e aumentando a confiabilidade. Com o design modular, permitimos a m\u00e1xima flexibilidade para cobrir quase todas as aplica\u00e7\u00f5es em redes CC.<\/p>\n                                                 <div class=\"description\"><\/div>\n                                            <\/div><div class=\"picture\">\n                                                    <img decoding=\"async\" src=\"https:\/\/tridelta-meidensha.de\/wp-content\/uploads\/2022\/08\/SBKWDCB-freigestellt.png\" height=\"\" width=\"\" alt=\"\" title=\"SBKWDCB-freigestellt\"\/>\n                                                    <p style=\"font-size:12px;   margin-top:-20px; margin-left:10px\">SBKWDCB-freigestellt<\/p>\n                                                <\/div>   <\/div> <div class=\"slide-extraContent__threeColumns\"><div class=\"column\">\n                                                                    <p class=\"title mheight2\"><\/p>\n                                                                    <p class=\"description\"><\/p>\n                                                                <\/div> <\/div> <div class=\"slide-extraContent__twoColumns\">\n                                            <h2 class=\"title\"><\/h2>\n                                            <div class=\"columns\">\n                                                <div class=\"column\">  <p class=\"description\"><\/p>       <\/div>\n                                                <div class=\"column\">  <p class=\"description\"><\/p>       <\/div>\n                                            <\/div>\n                                        <\/div><\/div><input type=\"checkbox\" id=\"checkboxtoggle-2\" class=\"inputtogle\"\/><div class=\"slide-extraContent\">\n                                        <div class=\"slide-extraContent__header\">\n                                            <div class=\"text\">\n                                                <h2 class=\"title\">Design inovador<\/h2>\n                                                <p class=\"description\">Com este produto, demonstramos nossa consci\u00eancia das diversas exig\u00eancias do mercado em termos de padr\u00f5es de teste e flexibilidade para necessidades espec\u00edficas dos clientes.<br \/>\r\n<br \/>\r\nOs p\u00e1ra-raios s\u00e3o de \u00faltima gera\u00e7\u00e3o com sua tecnologia de gaiola de filamentos. O processo semiautom\u00e1tico aumenta a qualidade do produto e a nova estrutura leve nos permite combinar leveza com alta resist\u00eancia mec\u00e2nica.<br \/>\r\n<br \/>\r\nO processo de moldagem por inje\u00e7\u00e3o utiliza borracha de silicone HTV, que se caracteriza por suas excelentes propriedades hidrof\u00f3bicas. Essa tecnologia proporciona uma ades\u00e3o perfeita, impedindo a penetra\u00e7\u00e3o de umidade e aumentando a confiabilidade. Com o design modular, permitimos a m\u00e1xima flexibilidade para cobrir quase todas as aplica\u00e7\u00f5es em redes CC.<\/p>\n                                                 <div class=\"description\"><\/div>\n                                            <\/div><div class=\"picture\">\n                                                    <img decoding=\"async\" src=\"https:\/\/tridelta-meidensha.de\/wp-content\/uploads\/2022\/08\/DSC01778-1-e1676910126633.png\" height=\"\" width=\"\" alt=\"\" title=\"DSC01778 (1)\"\/>\n                                                    <p style=\"font-size:12px;   margin-top:-20px; margin-left:10px\">DSC01778 (1)<\/p>\n                                                <\/div>   <\/div> <div class=\"slide-extraContent__threeColumns\"><div class=\"column\">\n                                                                    <p class=\"title mheight2\"><\/p>\n                                                                    <p class=\"description\"><\/p>\n                                                                <\/div> <\/div> <div class=\"slide-extraContent__twoColumns\">\n                                            <h2 class=\"title\"><\/h2>\n                                            <div class=\"columns\">\n                                                <div class=\"column\">  <p class=\"description\"><\/p>       <\/div>\n                                                <div class=\"column\">  <p class=\"description\"><\/p>       <\/div>\n                                            <\/div>\n                                        <\/div><\/div>\n\n\n\n<\/section>\n\n<section class=\"gallery\">\n                    <div class=\"gallery__item\">\n                    <p class=\"title\"><\/p>\n                    <div class=\"image\">\n                        <img decoding=\"async\" src=\"https:\/\/tridelta-meidensha.de\/wp-content\/uploads\/2022\/08\/AdobeStock_110898962-1-2-scaled-e1677144303649.jpeg\" height=\"\" width=\"\" alt=\"\"\/>\n                    <\/div>\n                <\/div>\n                    <div class=\"gallery__item\">\n                    <p class=\"title\"><\/p>\n                    <div class=\"image\">\n                        <img decoding=\"async\" src=\"https:\/\/tridelta-meidensha.de\/wp-content\/uploads\/2022\/08\/AdobeStock_224038688-scaled-e1677144286888.jpeg\" height=\"\" width=\"\" alt=\"\"\/>\n                    <\/div>\n                <\/div>\n                    <div class=\"gallery__item\">\n                    <p class=\"title\"><\/p>\n                    <div class=\"image\">\n                        <img decoding=\"async\" src=\"https:\/\/tridelta-meidensha.de\/wp-content\/uploads\/2022\/08\/AdobeStock_197855542-1-scaled-e1677144323424.jpeg\" height=\"\" width=\"\" alt=\"\"\/>\n                    <\/div>\n                <\/div>\n    <\/section>\n\n<section class=\"banner nannertop\">\n        <div class=\"banner__text\">\n        <h1 class=\"banner__text__headline\">Entre em contato conosco agora mesmo!<\/h1>\n        <p class=\"banner__text__description\">Teremos todo o prazer em aconselh\u00e1-lo por telefone ou e-mail.<\/p>\n        <div class=\"banner__text__buttons\">\n                            <div class=\"main-btn main-btn--blue-envelope\">\n                    <a href=\"mailto:sales@tridelta-meidensha.de\" target=\"_blank\">Escreva um e-mail<\/a>\n                <\/div>\n                                        <div class=\"main-btn main-btn--yellow-phone\">\n                    <a href=\"tel:+49366019328300\" target=\"\">Ou ligue para n\u00f3s: +49 (0) 36601 9328 300<\/a>\n                <\/div>\n                    <\/div>\n    <\/div>\n    <div class=\"banner__background\">\n                    <img decoding=\"async\" src=\"https:\/\/tridelta-meidensha.de\/wp-content\/uploads\/2022\/08\/tridelta-meidensha_DSC09748-scaled.jpg\" height=\"\" width=\"\" alt=\"\"\/>\n            <\/div>\n<\/section>","protected":false},"excerpt":{"rendered":"","protected":false},"author":2,"featured_media":0,"parent":4770,"menu_order":0,"comment_status":"closed","ping_status":"closed","template":"","meta":{"_acf_changed":false,"inline_featured_image":false,"footnotes":""},"class_list":["post-4779","page","type-page","status-publish","hentry"],"acf":[],"_links":{"self":[{"href":"https:\/\/tridelta-meidensha.de\/pt-pt\/wp-json\/wp\/v2\/pages\/4779","targetHints":{"allow":["GET"]}}],"collection":[{"href":"https:\/\/tridelta-meidensha.de\/pt-pt\/wp-json\/wp\/v2\/pages"}],"about":[{"href":"https:\/\/tridelta-meidensha.de\/pt-pt\/wp-json\/wp\/v2\/types\/page"}],"author":[{"embeddable":true,"href":"https:\/\/tridelta-meidensha.de\/pt-pt\/wp-json\/wp\/v2\/users\/2"}],"replies":[{"embeddable":true,"href":"https:\/\/tridelta-meidensha.de\/pt-pt\/wp-json\/wp\/v2\/comments?post=4779"}],"version-history":[{"count":5,"href":"https:\/\/tridelta-meidensha.de\/pt-pt\/wp-json\/wp\/v2\/pages\/4779\/revisions"}],"predecessor-version":[{"id":4800,"href":"https:\/\/tridelta-meidensha.de\/pt-pt\/wp-json\/wp\/v2\/pages\/4779\/revisions\/4800"}],"up":[{"embeddable":true,"href":"https:\/\/tridelta-meidensha.de\/pt-pt\/wp-json\/wp\/v2\/pages\/4770"}],"wp:attachment":[{"href":"https:\/\/tridelta-meidensha.de\/pt-pt\/wp-json\/wp\/v2\/media?parent=4779"}],"curies":[{"name":"wp","href":"https:\/\/api.w.org\/{rel}","templated":true}]}}