{"id":4770,"date":"2022-06-16T21:34:29","date_gmt":"2022-06-16T21:34:29","guid":{"rendered":"https:\/\/tridelta-meidensha.de\/?page_id=4770"},"modified":"2025-08-29T07:26:44","modified_gmt":"2025-08-29T07:26:44","slug":"produtos","status":"publish","type":"page","link":"https:\/\/tridelta-meidensha.de\/pt-pt\/produtos\/","title":{"rendered":"Produtos"},"content":{"rendered":"<section class=\"intro-headline\">\n    <h1 class=\"intro-headline__main\">Nossa solu\u00e7\u00e3o para suas necessidades!<\/h1>\n    <p class=\"intro-headline__sub\">Temos a solu\u00e7\u00e3o certa para proteger seus equipamentos el\u00e9tricos.<\/p>\n<\/section>\n\n\n\n<div class=\"skewedTextImageNobg\">\n    <div class=\"skewedTextImageNobg__container\">\n        <!-- <div class=\"rellax\" data-rellax-speed=\"0.5\" data-rellax-percentage=\"-0.2\"> -->\n        <div class=\"skewedTextImageNobg__box\">\n            <div class=\"deco\"><\/div>\n            <div class=\"skewedTextImageNobg__content\">\n                <h2>Alta tens\u00e3o<\/h2>\n                <p>Hoje, os p\u00e1ra-raios Tridelta s\u00e3o sin\u00f4nimo de melhor qualidade, alta confiabilidade e opera\u00e7\u00e3o livre de manuten\u00e7\u00e3o durante toda a vida \u00fatil em todo o mundo. Nosso portf\u00f3lio de p\u00e1ra-raios de \u00f3xido met\u00e1lico para aplica\u00e7\u00f5es padr\u00e3o de alta tens\u00e3o \u00e9 complementado por p\u00e1ra-raios para aplica\u00e7\u00f5es especiais espec\u00edficas do cliente.<\/p>\n                                    <a href=\"https:\/\/tridelta-meidensha.de\/pt-pt\/produtos\/alta-tensao\/\" target=\"_blank\" class=\"second-btn second-btn--white\">Alta tens\u00e3o<\/a>\n                            <\/div>\n        <\/div>\n        <!-- <\/div> -->\n        <!-- <div class=\"rellax\" data-rellax-speed=\"-0.5\" data-rellax-percentage=\"-0.2\"> -->\n        <div class=\"skewedTextImageNobg__img\" id=\"uid69e7a9c46feb2\">\n                            <style>#uid69e7a9c46feb2:after{ background-image: url(https:\/\/tridelta-meidensha.de\/wp-content\/uploads\/2023\/01\/AdobeStock_95677204-scaled_Zeichenflaeche-1-2-e1677141789693.png) }<\/style>\n                        <!-- <\/div> -->\n        <\/div>\n    <\/div>\n<\/div>\n\n\n<section class=\"skewedImageText\">\n    <div class=\"skewedImageText__container\">\n        <div class=\"rellax\" data-rellax-speed=\"-0.5\" data-rellax-percentage=\"-0.2\">\n                            <div class=\"skewedImageText__img\" id=\"uid69e7a9c47084a\"><\/div>\n                <style>#uid69e7a9c47084a:after{ background-image: url(https:\/\/tridelta-meidensha.de\/wp-content\/uploads\/2023\/01\/AdobeStock_319039755-scaled_Zeichenflaeche-1-2-e1677142097749.png) }<\/style>\n                    <\/div>\n        <div class=\"rellax\" data-rellax-speed=\"0.5\" data-rellax-percentage=\"-0.2\">\n            <div class=\"skewedImageText__box\">\n                <div class=\"deco\"><\/div>\n                <div class=\"skewedImageText__content\">\n                    <h2>M\u00e9dia tens\u00e3o<\/h2>\n                    <p>A Tridelta Meidensha tem uma longa tradi\u00e7\u00e3o na produ\u00e7\u00e3o de p\u00e1ra-raios de m\u00e9dia tens\u00e3o. Os primeiros p\u00e1ra-raios de m\u00e9dia tens\u00e3o foram produzidos em 1962. Diferentes dist\u00e2ncias de fuga e uma ampla gama de conex\u00f5es e acess\u00f3rios permitem solu\u00e7\u00f5es personalizadas.<br \/>\r\n<br \/>\r\nNossos p\u00e1ra-raios de m\u00e9dia tens\u00e3o s\u00e3o usados para proteger redes e equipamentos de m\u00e9dia tens\u00e3o contra sobretens\u00f5es causadas por raios e surtos de comuta\u00e7\u00e3o.<\/p>\n                                            <a href=\"https:\/\/tridelta-meidensha.de\/pt-pt\/produtos\/media-tensao\/\" target=\"_blank\" class=\"second-btn second-btn--white\">M\u00e9dia tens\u00e3o<\/a>\n                                    <\/div>\n            <\/div>\n        <\/div>\n    <\/div>\n<\/section>\n\n\n\n\n<div class=\"skewedTextImageNobg\">\n    <div class=\"skewedTextImageNobg__container\">\n        <!-- <div class=\"rellax\" data-rellax-speed=\"0.5\" data-rellax-percentage=\"-0.2\"> -->\n        <div class=\"skewedTextImageNobg__box\">\n            <div class=\"deco\"><\/div>\n            <div class=\"skewedTextImageNobg__content\">\n                <h2>Aplica\u00e7\u00e3o ferrovi\u00e1ria<\/h2>\n                <p>A Tridelta Meidensha oferece p\u00e1ra-raios de at\u00e9 4,8 kV CC para uso em ve\u00edculos ferrovi\u00e1rios ou tr\u00f3lebus e para prote\u00e7\u00e3o de linhas a\u00e9reas e sistemas retificadores.<br \/>\r\nOs p\u00e1ra-raios apresentam m\u00e1xima confiabilidade e est\u00e3o dispon\u00edveis em caixas de porcelana e silicone.<\/p>\n                                    <a href=\"https:\/\/tridelta-meidensha.de\/pt-pt\/produtos\/tensao-cc\/\" target=\"_blank\" class=\"second-btn second-btn--white\">Aplica\u00e7\u00e3o ferrovi\u00e1ria<\/a>\n                            <\/div>\n        <\/div>\n        <!-- <\/div> -->\n        <!-- <div class=\"rellax\" data-rellax-speed=\"-0.5\" data-rellax-percentage=\"-0.2\"> -->\n        <div class=\"skewedTextImageNobg__img\" id=\"uid69e7a9c47106d\">\n                            <style>#uid69e7a9c47106d:after{ background-image: url(https:\/\/tridelta-meidensha.de\/wp-content\/uploads\/2023\/01\/AdobeStock_157412445-scaled-3-e1677143062501.png) }<\/style>\n                        <!-- <\/div> -->\n        <\/div>\n    <\/div>\n<\/div>\n\n\n<section class=\"skewedImageText\">\n    <div class=\"skewedImageText__container\">\n        <div class=\"rellax\" data-rellax-speed=\"-0.5\" data-rellax-percentage=\"-0.2\">\n                            <div class=\"skewedImageText__img\" id=\"uid69e7a9c4716c0\"><\/div>\n                <style>#uid69e7a9c4716c0:after{ background-image: url(https:\/\/tridelta-meidensha.de\/wp-content\/uploads\/2023\/01\/smartCOUNT_Zeichenflaeche-1-2.png) }<\/style>\n                    <\/div>\n        <div class=\"rellax\" data-rellax-speed=\"0.5\" data-rellax-percentage=\"-0.2\">\n            <div class=\"skewedImageText__box\">\n                <div class=\"deco\"><\/div>\n                <div class=\"skewedImageText__content\">\n                    <h2>Monitoramento<\/h2>\n                    <p>Al\u00e9m da linha de p\u00e1ra-raios, a Tridelta Meidensha oferece v\u00e1rios dispositivos de monitoramento.<br \/>\r\nCom nossos contadores de surtos da s\u00e9rie DCC, com ou sem medi\u00e7\u00e3o de corrente de fuga, e nossos centelhadores de controle, falhas iminentes tamb\u00e9m podem ser detectadas em um est\u00e1gio inicial, antes que causem preju\u00edzo \u00e0 seguran\u00e7a do fornecimento.<\/p>\n                                            <a href=\"https:\/\/tridelta-meidensha.de\/pt-pt\/produtos\/monitoramento\/\" target=\"_blank\" class=\"second-btn second-btn--white\">Monitoramento<\/a>\n                                    <\/div>\n            <\/div>\n        <\/div>\n    <\/div>\n<\/section>\n\n\n\n\n<div class=\"skewedTextImageNobg\">\n    <div class=\"skewedTextImageNobg__container\">\n        <!-- <div class=\"rellax\" data-rellax-speed=\"0.5\" data-rellax-percentage=\"-0.2\"> -->\n        <div class=\"skewedTextImageNobg__box\">\n            <div class=\"deco\"><\/div>\n            <div class=\"skewedTextImageNobg__content\">\n                <h2>Aparelhos de prote\u00e7\u00e3o contra descargas atmosf\u00e9ricas<\/h2>\n                <p>Al\u00e9m do uso cl\u00e1ssico como p\u00e1ra-raios de esta\u00e7\u00e3o, os p\u00e1ra-raios est\u00e3o sendo cada vez mais utilizados como p\u00e1ra-raios de linha.<br \/>\r\nOs p\u00e1ra-raios de linha s\u00e3o uma forma eficaz e econ\u00f4mica de proteger as linhas de transmiss\u00e3o existentes e novas contra surtos de raios, aumentando assim a seguran\u00e7a da rede e a disponibilidade da linha. Os p\u00e1ra-raios de linha s\u00e3o particularmente adequados para \u00e1reas de linha com resist\u00eancias de aterramento deficientes, \u00e1reas com maior atividade de raios, linhas a\u00e9reas sem prote\u00e7\u00e3o de fio terra e para linhas a\u00e9reas com maiores requisitos de disponibilidade.<\/p>\n                                    <a href=\"https:\/\/tridelta-meidensha.de\/pt-pt\/produtos\/aparelhos-de-protecao-contra-descargas-atmosfericas\/\" target=\"_blank\" class=\"second-btn second-btn--white\">Aparelhos de prote\u00e7\u00e3o contra descargas atmosf\u00e9ricas<\/a>\n                            <\/div>\n        <\/div>\n        <!-- <\/div> -->\n        <!-- <div class=\"rellax\" data-rellax-speed=\"-0.5\" data-rellax-percentage=\"-0.2\"> -->\n        <div class=\"skewedTextImageNobg__img\" id=\"uid69e7a9c471d76\">\n                            <style>#uid69e7a9c471d76:after{ background-image: url(https:\/\/tridelta-meidensha.de\/wp-content\/uploads\/2023\/01\/Leitungsableiter_scaled_Zeichenflaeche-1-2-e1677142690926.png) }<\/style>\n                        <!-- <\/div> -->\n        <\/div>\n    <\/div>\n<\/div>\n\n\n<section class=\"skewedImageText\">\n    <div class=\"skewedImageText__container\">\n        <div class=\"rellax\" data-rellax-speed=\"-0.5\" data-rellax-percentage=\"-0.2\">\n                            <div class=\"skewedImageText__img\" id=\"uid69e7a9c4723b9\"><\/div>\n                <style>#uid69e7a9c4723b9:after{ background-image: url(https:\/\/tridelta-meidensha.de\/wp-content\/uploads\/2023\/01\/Trennerableiter-scaled_Zeichenflaeche-1-2-e1677143271219.png) }<\/style>\n                    <\/div>\n        <div class=\"rellax\" data-rellax-speed=\"0.5\" data-rellax-percentage=\"-0.2\">\n            <div class=\"skewedImageText__box\">\n                <div class=\"deco\"><\/div>\n                <div class=\"skewedImageText__content\">\n                    <h2>Aplica\u00e7\u00f5es especiais<\/h2>\n                    <p>Al\u00e9m do nosso programa de entrega padr\u00e3o, oferecemos solu\u00e7\u00f5es de p\u00e1ra-raios espec\u00edficas para cada cliente. Um alto grau de flexibilidade em nossos processos de desenvolvimento e fabrica\u00e7\u00e3o e amplos recursos internos de teste nos permitem encontrar solu\u00e7\u00f5es individuais de p\u00e1ra-raios para sua aplica\u00e7\u00e3o.<\/p>\n                                            <a href=\"mailto:sales@tridelta-meidensha.de\" target=\"_blank\" class=\"second-btn second-btn--white\">Envie-nos um e-mail<\/a>\n                                    <\/div>\n            <\/div>\n        <\/div>\n    <\/div>\n<\/section>\n\n","protected":false},"excerpt":{"rendered":"","protected":false},"author":2,"featured_media":0,"parent":0,"menu_order":0,"comment_status":"closed","ping_status":"closed","template":"","meta":{"_acf_changed":false,"inline_featured_image":false,"footnotes":""},"class_list":["post-4770","page","type-page","status-publish","hentry"],"acf":[],"_links":{"self":[{"href":"https:\/\/tridelta-meidensha.de\/pt-pt\/wp-json\/wp\/v2\/pages\/4770","targetHints":{"allow":["GET"]}}],"collection":[{"href":"https:\/\/tridelta-meidensha.de\/pt-pt\/wp-json\/wp\/v2\/pages"}],"about":[{"href":"https:\/\/tridelta-meidensha.de\/pt-pt\/wp-json\/wp\/v2\/types\/page"}],"author":[{"embeddable":true,"href":"https:\/\/tridelta-meidensha.de\/pt-pt\/wp-json\/wp\/v2\/users\/2"}],"replies":[{"embeddable":true,"href":"https:\/\/tridelta-meidensha.de\/pt-pt\/wp-json\/wp\/v2\/comments?post=4770"}],"version-history":[{"count":8,"href":"https:\/\/tridelta-meidensha.de\/pt-pt\/wp-json\/wp\/v2\/pages\/4770\/revisions"}],"predecessor-version":[{"id":4823,"href":"https:\/\/tridelta-meidensha.de\/pt-pt\/wp-json\/wp\/v2\/pages\/4770\/revisions\/4823"}],"wp:attachment":[{"href":"https:\/\/tridelta-meidensha.de\/pt-pt\/wp-json\/wp\/v2\/media?parent=4770"}],"curies":[{"name":"wp","href":"https:\/\/api.w.org\/{rel}","templated":true}]}}