{"id":4765,"date":"2022-06-10T11:06:32","date_gmt":"2022-06-10T11:06:32","guid":{"rendered":"https:\/\/tridelta-meidensha.de\/?page_id=4765"},"modified":"2025-08-28T13:13:03","modified_gmt":"2025-08-28T13:13:03","slug":"pagina-inicial","status":"publish","type":"page","link":"https:\/\/tridelta-meidensha.de\/pt-pt\/","title":{"rendered":"P\u00e1gina inicial"},"content":{"rendered":"<section class=\"index-hero\">\n    <div class=\"index-hero__mask\">\n                    <video autoplay loop muted playsinline class=\"\">\n                <source type=\"video\/mp4\" src=\"https:\/\/tridelta-meidensha.de\/wp-content\/uploads\/2022\/06\/globe.mp4\">\n            <\/video>\n            <\/div>\n    <div class=\"index-hero__text\">\n        <div class=\"box\">\n            <h1 class=\"box__headline\">Protegemos o seu equipamento el\u00e9trico. Em todo o mundo.<\/h1>\n            <div class=\"box__description\">Especializada na produ\u00e7\u00e3o de p\u00e1ra-raios desde 1960<\/div>\n            <div class=\"main-btn main-btn--blue-arrow\">\n                                  <a href=\"https:\/\/tridelta-meidensha.de\/en\/products\/\" target=\"_blank\">About our surge arresters<\/a>\n                           <\/div>\n        <\/div>\n    <\/div>\n<\/section>\n\n<section class=\"skewedImageText\">\n    <div class=\"skewedImageText__container\">\n        <div class=\"rellax\" data-rellax-speed=\"-0.5\" data-rellax-percentage=\"-0.2\">\n                            <div class=\"skewedImageText__img\" id=\"uid69ef1d22ad0bb\"><\/div>\n                <style>#uid69ef1d22ad0bb:after{ background-image: url(https:\/\/tridelta-meidensha.de\/wp-content\/uploads\/2022\/06\/unternehmen-intro.jpg) }<\/style>\n                    <\/div>\n        <div class=\"rellax\" data-rellax-speed=\"0.5\" data-rellax-percentage=\"-0.2\">\n            <div class=\"skewedImageText__box\">\n                <div class=\"deco\"><\/div>\n                <div class=\"skewedImageText__content\">\n                    <h2>The arrester company<\/h2>\n                    <p>Hoje, os p\u00e1ra-raios Tridelta s\u00e3o reconhecidos mundialmente pela melhor qualidade, alta confiabilidade e opera\u00e7\u00e3o livre de manuten\u00e7\u00e3o durante toda a vida \u00fatil. Nosso portf\u00f3lio de p\u00e1ra-raios para tens\u00f5es de sistema de 1 kV a 800 kV \u00e9 complementado por p\u00e1ra-raios para aplica\u00e7\u00f5es especiais espec\u00edficas do cliente.<\/p>\n                                            <a href=\"https:\/\/tridelta-meidensha.de\/en\/contact\/\" target=\"_blank\" class=\"second-btn second-btn--white\">Entre em contato conosco<\/a>\n                                    <\/div>\n            <\/div>\n        <\/div>\n    <\/div>\n<\/section>\n\n\n\n\n\n\n<section class=\"single-paragraph single-paragraph--background videoframe\">\n   <div class=\"iframe\">\n        <div class=\"brlbs-cmpnt-container brlbs-cmpnt-content-blocker brlbs-cmpnt-with-individual-styles\" data-borlabs-cookie-content-blocker-id=\"vimeo-content-blocker\" data-borlabs-cookie-content=\"PGlmcmFtZSBzcmM9Imh0dHBzOi8vcGxheWVyLnZpbWVvLmNvbS92aWRlby84MTA1MTY5NzA\/aD0zNGNiYmJlY2E5JmFtcDtiYWRnZT0wJmFtcDthdXRvcGF1c2U9MCZhbXA7cGxheWVyX2lkPTAmYW1wO2FwcF9pZD01ODQ3OSIgZnJhbWVib3JkZXI9IjAiIGFsbG93PSJhdXRvcGxheTsgZnVsbHNjcmVlbjsgcGljdHVyZS1pbi1waWN0dXJlIiBhbGxvd2Z1bGxzY3JlZW49IiIgc3R5bGU9IiBwb3NpdGlvbjphYnNvbHV0ZTt0b3A6MDtsZWZ0OjA7d2lkdGg6MTAwJTtoZWlnaHQ6MTAwJTsiIHRpdGxlPSJUUklERUxUQSBNRUlERU5TSEEgLSBBYm91dCBVcyIgZGF0YS1yZWFkeT0idHJ1ZSI+PC9pZnJhbWU+\"><div class=\"brlbs-cmpnt-cb-preset-c brlbs-cmpnt-cb-vimeo\"> <div class=\"brlbs-cmpnt-cb-thumbnail\" style=\"background-image: url('https:\/\/tridelta-meidensha.de\/wp-content\/uploads\/borlabs-cookie\/1\/brlbs-cb-vimeo-main.png')\"><\/div> <div class=\"brlbs-cmpnt-cb-main\"> <div class=\"brlbs-cmpnt-cb-play-button\"><\/div> <div class=\"brlbs-cmpnt-cb-content\"> <p class=\"brlbs-cmpnt-cb-description\">You are currently viewing a placeholder content from <strong>Vimeo<\/strong>. To access the actual content, click the button below. Please note that doing so will share data with third-party providers.<\/p> <a class=\"brlbs-cmpnt-cb-provider-toggle\" href=\"#\" data-borlabs-cookie-show-provider-information role=\"button\">More Information<\/a> <\/div> <div class=\"brlbs-cmpnt-cb-buttons\"> <a class=\"brlbs-cmpnt-cb-btn\" href=\"#\" data-borlabs-cookie-unblock role=\"button\">Unblock content<\/a> <a class=\"brlbs-cmpnt-cb-btn\" href=\"#\" data-borlabs-cookie-accept-service role=\"button\" style=\"display: inherit\">Accept required service and unblock content<\/a> <\/div> <\/div> <\/div><\/div>\n   <\/div>\n    <script src=\"https:\/\/player.vimeo.com\/api\/player.js\"><\/script>\n<\/section>\n\n<section class=\"illustration-cards\">\n    <div class=\"illustration-cards__headline\">\n        <h2 class=\"title\">Nosso portf\u00f3lio de p\u00e1ra-raios<\/h2>\n        <p class=\"description\">Na Tridelta Meidensha, oferecemos p\u00e1ra-raios para proteger seus equipamentos el\u00e9tricos. Nosso portf\u00f3lio inclui faixas de tens\u00e3o de 1 a 800 kV, p\u00e1ra-raios para faixas de m\u00e9dia e alta tens\u00e3o, p\u00e1ra-raios CC, dispositivos de monitoramento e solu\u00e7\u00f5es para suas necessidades especiais.<\/p>\n                    <a href=\"https:\/\/tridelta-meidensha.de\/en\/products\/\" target=\"_blank\" class=\"link-btn\">Clique aqui para ver a vis\u00e3o geral<\/a>\n            <\/div>\n    <div class=\"cards-container\">\n                            <div class=\"card fullclick\">\n                                                    <img decoding=\"async\" src=\"https:\/\/tridelta-meidensha.de\/wp-content\/uploads\/2023\/01\/Transformator_skaliert-1.png\" height=\"\" width=\"\" alt=\"\" class=\"card__illustration\"\/>\n                                                                            <a href=\"https:\/\/tridelta-meidensha.de\/en\/products\/high-voltage-2\/\" target=\"_blank\"  class=\"card__title fullclick-link\">Alta tens\u00e3o<\/a>\n                        \n                        <p class=\"card__description\">Surge arresters for high-voltage applications up to 800 kV<\/p>\n                    <\/div>\n                            <div class=\"card fullclick\">\n                                                    <img decoding=\"async\" src=\"https:\/\/tridelta-meidensha.de\/wp-content\/uploads\/2023\/01\/Wind_skaliert-1.png\" height=\"\" width=\"\" alt=\"\" class=\"card__illustration\"\/>\n                                                                            <a href=\"https:\/\/tridelta-meidensha.de\/en\/products\/medium-voltage-2\/\" target=\"_blank\"  class=\"card__title fullclick-link\">M\u00e9dia tens\u00e3o<\/a>\n                        \n                        <p class=\"card__description\">P\u00e1ra-raios em caixa de silicone at\u00e9 51 kV para prote\u00e7\u00e3o de transformadores, comutadores e termina\u00e7\u00f5es de cabos em espa\u00e7os fechados ou como aplica\u00e7\u00e3o externa.<\/p>\n                    <\/div>\n                            <div class=\"card fullclick\">\n                                                    <img decoding=\"async\" src=\"https:\/\/tridelta-meidensha.de\/wp-content\/uploads\/2023\/01\/Zug_skaliert-1.png\" height=\"\" width=\"\" alt=\"\" class=\"card__illustration\"\/>\n                                                                            <a href=\"#\"  class=\"card__title fullclick-link\">P\u00e1ra-raios de corrente cont\u00ednua<\/a>\n                        \n                        <p class=\"card__description\">P\u00e1ra-raios at\u00e9 4,8 kV CC para utiliza\u00e7\u00e3o em ve\u00edculos ferrovi\u00e1rios ou tr\u00f3lebus e para prote\u00e7\u00e3o de sistemas retificadores e linhas a\u00e9reas<\/p>\n                    <\/div>\n                            <div class=\"card fullclick\">\n                                                    <img decoding=\"async\" src=\"https:\/\/tridelta-meidensha.de\/wp-content\/uploads\/2023\/01\/Monitoring_skaliert-1.png\" height=\"\" width=\"\" alt=\"\" class=\"card__illustration\"\/>\n                                                                            <a href=\"https:\/\/tridelta-meidensha.de\/en\/products\/monitoring\/\" target=\"_blank\"  class=\"card__title fullclick-link\">Monitoramento<\/a>\n                        \n                        <p class=\"card__description\">Solu\u00e7\u00f5es de monitoramento de p\u00e1ra-raios para detec\u00e7\u00e3o precoce de falhas iminentes<\/p>\n                    <\/div>\n                            <div class=\"card fullclick\">\n                                                    <img decoding=\"async\" src=\"https:\/\/tridelta-meidensha.de\/wp-content\/uploads\/2023\/01\/elektrischer-turm_skaliert_Zeichenflaeche-1-1.png\" height=\"\" width=\"\" alt=\"\" class=\"card__illustration\"\/>\n                                                                            <a href=\"https:\/\/tridelta-meidensha.de\/en\/products\/special-applications\/\" target=\"_blank\"  class=\"card__title fullclick-link\">Aplica\u00e7\u00f5es especiais<\/a>\n                        \n                        <p class=\"card__description\">Al\u00e9m do nosso programa de entrega padr\u00e3o, oferecemos solu\u00e7\u00f5es de p\u00e1ra-raios espec\u00edficas para cada cliente.<\/p>\n                    <\/div>\n            <\/div>\n<\/section>\n\n<section class=\"skewedTextImage skewedTextImage--hasMap\">\n    <div class=\"skewedTextImage__container\">\n        <div class=\"rellax\" data-rellax-speed=\"0.5\" data-rellax-percentage=\"-0.2\">\n            <div class=\"skewedTextImage__box\">\n                <div class=\"deco\"><\/div>\n                <div class=\"skewedTextImage__content\">\n                    <h2>N\u00f3s protegemos voc\u00ea.<\/h2>\n                    <p>Os p\u00e1ra-raios s\u00e3o necess\u00e1rios para v\u00e1rias aplica\u00e7\u00f5es, a fim de proteger equipamentos el\u00e9tricos. Aqui, apresentamos uma vis\u00e3o geral do nosso know-how.<\/p>\n                                            <a href=\"https:\/\/tridelta-meidensha.de\/en\/products\/\" target=\"\" class=\"second-btn second-btn--white\">Saiba mais<\/a>\n                                    <\/div>\n            <\/div>\n        <\/div>\n        <div class=\"rellax\" data-rellax-speed=\"-0.5\" data-rellax-percentage=\"-0.2\">\n                            <div class=\"skewedImageText__img\" id=\"uid69ef1d23e6cb2\"><\/div>\n                <style>#uid69ef1d23e6cb2:after{ background-image: url(https:\/\/tridelta-meidensha.de\/wp-content\/uploads\/2023\/01\/Website-quer_Hackel_Zeichenflaeche-1-1-e1677145102828.png) }<\/style>\n                    <\/div>\n    <\/div>\n\n    <div class=\"hasMap__map\" style=\"background-image:url(https:\/\/tridelta-meidensha.de\/wp-content\/uploads\/2022\/06\/map.svg)\">\n        <div class=\"textBox fullclick\">\n                            <a href=\"https:\/\/tridelta-meidensha.de\/en\/contact\/\" target=\"_blank\" class=\"fullclick-link\">servi\u00e7o mundial<\/a>\n            \n            <p>Podemos oferecer solu\u00e7\u00f5es de p\u00e1ra-raios para suas necessidades em sua localiza\u00e7\u00e3o por meio de nossa rede global de agentes. Entre em contato conosco agora mesmo!<\/p>\n        <\/div>\n    <\/div>\n<\/section>","protected":false},"excerpt":{"rendered":"","protected":false},"author":2,"featured_media":0,"parent":0,"menu_order":0,"comment_status":"closed","ping_status":"closed","template":"","meta":{"_acf_changed":false,"inline_featured_image":false,"footnotes":""},"class_list":["post-4765","page","type-page","status-publish","hentry"],"acf":[],"_links":{"self":[{"href":"https:\/\/tridelta-meidensha.de\/pt-pt\/wp-json\/wp\/v2\/pages\/4765","targetHints":{"allow":["GET"]}}],"collection":[{"href":"https:\/\/tridelta-meidensha.de\/pt-pt\/wp-json\/wp\/v2\/pages"}],"about":[{"href":"https:\/\/tridelta-meidensha.de\/pt-pt\/wp-json\/wp\/v2\/types\/page"}],"author":[{"embeddable":true,"href":"https:\/\/tridelta-meidensha.de\/pt-pt\/wp-json\/wp\/v2\/users\/2"}],"replies":[{"embeddable":true,"href":"https:\/\/tridelta-meidensha.de\/pt-pt\/wp-json\/wp\/v2\/comments?post=4765"}],"version-history":[{"count":4,"href":"https:\/\/tridelta-meidensha.de\/pt-pt\/wp-json\/wp\/v2\/pages\/4765\/revisions"}],"predecessor-version":[{"id":4802,"href":"https:\/\/tridelta-meidensha.de\/pt-pt\/wp-json\/wp\/v2\/pages\/4765\/revisions\/4802"}],"wp:attachment":[{"href":"https:\/\/tridelta-meidensha.de\/pt-pt\/wp-json\/wp\/v2\/media?parent=4765"}],"curies":[{"name":"wp","href":"https:\/\/api.w.org\/{rel}","templated":true}]}}